{"id":460,"date":"2025-08-01T03:05:17","date_gmt":"2025-08-01T03:05:17","guid":{"rendered":"https:\/\/therapure-nutraceuticals.com\/?post_type=product&#038;p=460"},"modified":"2025-08-01T03:05:17","modified_gmt":"2025-08-01T03:05:17","slug":"compound-pin-a","status":"publish","type":"product","link":"https:\/\/therapure-nutraceuticals.com\/id\/produk\/compound-pin-a\/","title":{"rendered":"Compound PIN-A \u2013 Antipiretik Tiongkok &amp; Pereda Nyeri untuk Alergi"},"content":{"rendered":"<p class=\"translation-block\"><strong>Komposisi<\/strong>: Willow (Salix spp.), Jin Y\u00edn Hua (Flos Lonicerae), Li\u00e1n Qi\u00e0o (Forsythia suspensa), Yan Hu Suo (Corydalis yanhusuo).<\/p>\n<p class=\"translation-block\"><strong>Indikasi<\/strong>: Untuk pengobatan demam, gejala alergi, peradangan otot dan sendi, serta sakit kepala.<\/p>\n<p class=\"translation-block\"><b>Cara Kerja<\/b>:Antipiretik menyebabkan hipotalamus mengabaikan peningkatan suhu yang disebabkan oleh prostaglandin, sehingga menurunkan demam. Menghambat sel mast yang diaktifkan oleh zat-zat yang menyebabkan peradangan dan demam.<\/p>\n<p><a href=\"https:\/\/therapurenutraceuticals.com\/compound-pin-a\/\" target=\"_blank\" rel=\"noopener\">Baca Selengkapnya<\/a><\/p>","protected":false},"excerpt":{"rendered":"<p>Antipiretik menyebabkan hipotalamus mengabaikan peningkatan suhu yang disebabkan oleh prostaglandin, sehingga menurunkan demam. Menghambat sel mast yang diaktifkan oleh zat-zat yang menyebabkan peradangan dan demam.<\/p>","protected":false},"featured_media":461,"comment_status":"open","ping_status":"closed","template":"","meta":[],"product_brand":[],"product_cat":[36],"product_tag":[],"class_list":{"0":"post-460","1":"product","2":"type-product","3":"status-publish","4":"has-post-thumbnail","6":"product_cat-pain","8":"first","9":"instock","10":"shipping-taxable","11":"purchasable","12":"product-type-simple"},"yoast_head":"<!-- This site is optimized with the Yoast SEO plugin v26.9 - https:\/\/yoast.com\/product\/yoast-seo-wordpress\/ -->\n<title>Compound PIN-A - Chinese Antipyretic and Allergies Pain Anodyne - Therapure Nutraceuticals<\/title>\n<meta name=\"robots\" content=\"noindex, nofollow\" \/>\n<meta property=\"og:locale\" content=\"id_ID\" \/>\n<meta property=\"og:type\" content=\"article\" \/>\n<meta property=\"og:title\" content=\"Compound PIN-A - Chinese Antipyretic and Allergies Pain Anodyne - Therapure Nutraceuticals\" \/>\n<meta property=\"og:description\" content=\"Antipyretics cause the hypothalamus to override a prostaglandin-induced increase in temperature, reducing fever. Suppresses mast cells that are activated by substances that cause burning inflammation and fever.\" \/>\n<meta property=\"og:url\" content=\"https:\/\/therapure-nutraceuticals.com\/id\/produk\/compound-pin-a\/\" \/>\n<meta property=\"og:site_name\" content=\"Therapure Nutraceuticals\" \/>\n<meta property=\"og:image\" content=\"https:\/\/therapure-nutraceuticals.com\/wp-content\/uploads\/2025\/08\/PIN-A.jpg\" \/>\n\t<meta property=\"og:image:width\" content=\"1033\" \/>\n\t<meta property=\"og:image:height\" content=\"985\" \/>\n\t<meta property=\"og:image:type\" content=\"image\/jpeg\" \/>\n<meta name=\"twitter:card\" content=\"summary_large_image\" \/>\n<meta name=\"twitter:label1\" content=\"Estimasi waktu membaca\" \/>\n\t<meta name=\"twitter:data1\" content=\"1 menit\" \/>\n<script type=\"application\/ld+json\" class=\"yoast-schema-graph\">{\"@context\":\"https:\/\/schema.org\",\"@graph\":[{\"@type\":\"WebPage\",\"@id\":\"https:\/\/therapure-nutraceuticals.com\/product\/compound-pin-a\/\",\"url\":\"https:\/\/therapure-nutraceuticals.com\/product\/compound-pin-a\/\",\"name\":\"Compound PIN-A - Chinese Antipyretic and Allergies Pain Anodyne - Therapure Nutraceuticals\",\"isPartOf\":{\"@id\":\"https:\/\/therapure-nutraceuticals.com\/#website\"},\"primaryImageOfPage\":{\"@id\":\"https:\/\/therapure-nutraceuticals.com\/product\/compound-pin-a\/#primaryimage\"},\"image\":{\"@id\":\"https:\/\/therapure-nutraceuticals.com\/product\/compound-pin-a\/#primaryimage\"},\"thumbnailUrl\":\"https:\/\/therapure-nutraceuticals.com\/wp-content\/uploads\/2025\/08\/PIN-A.jpg\",\"datePublished\":\"2025-08-01T03:05:17+00:00\",\"breadcrumb\":{\"@id\":\"https:\/\/therapure-nutraceuticals.com\/product\/compound-pin-a\/#breadcrumb\"},\"inLanguage\":\"id\",\"potentialAction\":[{\"@type\":\"ReadAction\",\"target\":[\"https:\/\/therapure-nutraceuticals.com\/product\/compound-pin-a\/\"]}]},{\"@type\":\"ImageObject\",\"inLanguage\":\"id\",\"@id\":\"https:\/\/therapure-nutraceuticals.com\/product\/compound-pin-a\/#primaryimage\",\"url\":\"https:\/\/therapure-nutraceuticals.com\/wp-content\/uploads\/2025\/08\/PIN-A.jpg\",\"contentUrl\":\"https:\/\/therapure-nutraceuticals.com\/wp-content\/uploads\/2025\/08\/PIN-A.jpg\",\"width\":1033,\"height\":985},{\"@type\":\"BreadcrumbList\",\"@id\":\"https:\/\/therapure-nutraceuticals.com\/product\/compound-pin-a\/#breadcrumb\",\"itemListElement\":[{\"@type\":\"ListItem\",\"position\":1,\"name\":\"Home\",\"item\":\"https:\/\/therapure-nutraceuticals.com\/\"},{\"@type\":\"ListItem\",\"position\":2,\"name\":\"Shop\",\"item\":\"https:\/\/therapure-nutraceuticals.com\/shop\/\"},{\"@type\":\"ListItem\",\"position\":3,\"name\":\"Compound PIN-A &#8211; Chinese Antipyretic and Allergies Pain Anodyne\"}]},{\"@type\":\"WebSite\",\"@id\":\"https:\/\/therapure-nutraceuticals.com\/#website\",\"url\":\"https:\/\/therapure-nutraceuticals.com\/\",\"name\":\"Therapure Nutraceuticals\",\"description\":\"\",\"publisher\":{\"@id\":\"https:\/\/therapure-nutraceuticals.com\/#organization\"},\"potentialAction\":[{\"@type\":\"SearchAction\",\"target\":{\"@type\":\"EntryPoint\",\"urlTemplate\":\"https:\/\/therapure-nutraceuticals.com\/?s={search_term_string}\"},\"query-input\":{\"@type\":\"PropertyValueSpecification\",\"valueRequired\":true,\"valueName\":\"search_term_string\"}}],\"inLanguage\":\"id\"},{\"@type\":\"Organization\",\"@id\":\"https:\/\/therapure-nutraceuticals.com\/#organization\",\"name\":\"Therapure Nutraceuticals\",\"url\":\"https:\/\/therapure-nutraceuticals.com\/\",\"logo\":{\"@type\":\"ImageObject\",\"inLanguage\":\"id\",\"@id\":\"https:\/\/therapure-nutraceuticals.com\/#\/schema\/logo\/image\/\",\"url\":\"https:\/\/therapure-nutraceuticals.com\/wp-content\/uploads\/2025\/05\/Therapure-scaled-e1753065878520.png\",\"contentUrl\":\"https:\/\/therapure-nutraceuticals.com\/wp-content\/uploads\/2025\/05\/Therapure-scaled-e1753065878520.png\",\"width\":500,\"height\":155,\"caption\":\"Therapure Nutraceuticals\"},\"image\":{\"@id\":\"https:\/\/therapure-nutraceuticals.com\/#\/schema\/logo\/image\/\"}}]}<\/script>\n<!-- \/ Yoast SEO plugin. -->","yoast_head_json":{"title":"Compound PIN-A - Chinese Antipyretic and Allergies Pain Anodyne - Therapure Nutraceuticals","robots":{"index":"noindex","follow":"nofollow"},"og_locale":"id_ID","og_type":"article","og_title":"Compound PIN-A - Chinese Antipyretic and Allergies Pain Anodyne - Therapure Nutraceuticals","og_description":"Antipyretics cause the hypothalamus to override a prostaglandin-induced increase in temperature, reducing fever. Suppresses mast cells that are activated by substances that cause burning inflammation and fever.","og_url":"https:\/\/therapure-nutraceuticals.com\/id\/produk\/compound-pin-a\/","og_site_name":"Therapure Nutraceuticals","og_image":[{"width":1033,"height":985,"url":"https:\/\/therapure-nutraceuticals.com\/wp-content\/uploads\/2025\/08\/PIN-A.jpg","type":"image\/jpeg"}],"twitter_card":"summary_large_image","twitter_misc":{"Estimasi waktu membaca":"1 menit"},"schema":{"@context":"https:\/\/schema.org","@graph":[{"@type":"WebPage","@id":"https:\/\/therapure-nutraceuticals.com\/product\/compound-pin-a\/","url":"https:\/\/therapure-nutraceuticals.com\/product\/compound-pin-a\/","name":"Compound PIN-A - Chinese Antipyretic and Allergies Pain Anodyne - Therapure Nutraceuticals","isPartOf":{"@id":"https:\/\/therapure-nutraceuticals.com\/#website"},"primaryImageOfPage":{"@id":"https:\/\/therapure-nutraceuticals.com\/product\/compound-pin-a\/#primaryimage"},"image":{"@id":"https:\/\/therapure-nutraceuticals.com\/product\/compound-pin-a\/#primaryimage"},"thumbnailUrl":"https:\/\/therapure-nutraceuticals.com\/wp-content\/uploads\/2025\/08\/PIN-A.jpg","datePublished":"2025-08-01T03:05:17+00:00","breadcrumb":{"@id":"https:\/\/therapure-nutraceuticals.com\/product\/compound-pin-a\/#breadcrumb"},"inLanguage":"id","potentialAction":[{"@type":"ReadAction","target":["https:\/\/therapure-nutraceuticals.com\/product\/compound-pin-a\/"]}]},{"@type":"ImageObject","inLanguage":"id","@id":"https:\/\/therapure-nutraceuticals.com\/product\/compound-pin-a\/#primaryimage","url":"https:\/\/therapure-nutraceuticals.com\/wp-content\/uploads\/2025\/08\/PIN-A.jpg","contentUrl":"https:\/\/therapure-nutraceuticals.com\/wp-content\/uploads\/2025\/08\/PIN-A.jpg","width":1033,"height":985},{"@type":"BreadcrumbList","@id":"https:\/\/therapure-nutraceuticals.com\/product\/compound-pin-a\/#breadcrumb","itemListElement":[{"@type":"ListItem","position":1,"name":"Home","item":"https:\/\/therapure-nutraceuticals.com\/"},{"@type":"ListItem","position":2,"name":"Shop","item":"https:\/\/therapure-nutraceuticals.com\/shop\/"},{"@type":"ListItem","position":3,"name":"Compound PIN-A &#8211; Chinese Antipyretic and Allergies Pain Anodyne"}]},{"@type":"WebSite","@id":"https:\/\/therapure-nutraceuticals.com\/#website","url":"https:\/\/therapure-nutraceuticals.com\/","name":"Therapure Nutraceuticals","description":"","publisher":{"@id":"https:\/\/therapure-nutraceuticals.com\/#organization"},"potentialAction":[{"@type":"SearchAction","target":{"@type":"EntryPoint","urlTemplate":"https:\/\/therapure-nutraceuticals.com\/?s={search_term_string}"},"query-input":{"@type":"PropertyValueSpecification","valueRequired":true,"valueName":"search_term_string"}}],"inLanguage":"id"},{"@type":"Organization","@id":"https:\/\/therapure-nutraceuticals.com\/#organization","name":"Therapure Nutraceuticals","url":"https:\/\/therapure-nutraceuticals.com\/","logo":{"@type":"ImageObject","inLanguage":"id","@id":"https:\/\/therapure-nutraceuticals.com\/#\/schema\/logo\/image\/","url":"https:\/\/therapure-nutraceuticals.com\/wp-content\/uploads\/2025\/05\/Therapure-scaled-e1753065878520.png","contentUrl":"https:\/\/therapure-nutraceuticals.com\/wp-content\/uploads\/2025\/05\/Therapure-scaled-e1753065878520.png","width":500,"height":155,"caption":"Therapure Nutraceuticals"},"image":{"@id":"https:\/\/therapure-nutraceuticals.com\/#\/schema\/logo\/image\/"}}]}},"_links":{"self":[{"href":"https:\/\/therapure-nutraceuticals.com\/id\/wp-json\/wp\/v2\/product\/460","targetHints":{"allow":["GET"]}}],"collection":[{"href":"https:\/\/therapure-nutraceuticals.com\/id\/wp-json\/wp\/v2\/product"}],"about":[{"href":"https:\/\/therapure-nutraceuticals.com\/id\/wp-json\/wp\/v2\/types\/product"}],"replies":[{"embeddable":true,"href":"https:\/\/therapure-nutraceuticals.com\/id\/wp-json\/wp\/v2\/comments?post=460"}],"wp:featuredmedia":[{"embeddable":true,"href":"https:\/\/therapure-nutraceuticals.com\/id\/wp-json\/wp\/v2\/media\/461"}],"wp:attachment":[{"href":"https:\/\/therapure-nutraceuticals.com\/id\/wp-json\/wp\/v2\/media?parent=460"}],"wp:term":[{"taxonomy":"product_brand","embeddable":true,"href":"https:\/\/therapure-nutraceuticals.com\/id\/wp-json\/wp\/v2\/product_brand?post=460"},{"taxonomy":"product_cat","embeddable":true,"href":"https:\/\/therapure-nutraceuticals.com\/id\/wp-json\/wp\/v2\/product_cat?post=460"},{"taxonomy":"product_tag","embeddable":true,"href":"https:\/\/therapure-nutraceuticals.com\/id\/wp-json\/wp\/v2\/product_tag?post=460"}],"curies":[{"name":"wp","href":"https:\/\/api.w.org\/{rel}","templated":true}]}}