{"id":462,"date":"2025-08-01T05:22:16","date_gmt":"2025-08-01T05:22:16","guid":{"rendered":"https:\/\/therapure-nutraceuticals.com\/?post_type=product&#038;p=462"},"modified":"2025-08-01T05:22:17","modified_gmt":"2025-08-01T05:22:17","slug":"compound-pin-b","status":"publish","type":"product","link":"https:\/\/therapure-nutraceuticals.com\/id\/produk\/compound-pin-b\/","title":{"rendered":"Compound PIN-B \u2013 Antiinflamasi Seluruh Tubuh Tradisional Tiongkok"},"content":{"rendered":"<p class=\"p1 translation-block\"><strong>Komposisi<\/strong>: Hu\u00e1ng Q\u00edn (Scutellaria baicalensis), Hu\u00e1ng Li\u00e1n (Coptis Chinensis), D\u00e0 Qing Y\u00e8 (Isatidis folium).<\/p>\n<p class=\"p1 translation-block\"><strong>Indikasi<\/strong>: Untuk pengobatan nyeri akibat peradangan sendi, luka, tukak lambung, kolera, malaria, demam berdarah, dan masalah lainnya.<\/p>\n<p class=\"p1 translation-block\"><b>Cara Kerja<\/b>: Dalam pengobatan nyeri akibat sengatan matahari, gatal pada kulit, sakit tenggorokan, dan bahkan influenza. Sangat anti-inflamasi.<\/p>\n<p><a href=\"https:\/\/therapurenutraceuticals.com\/compound-pin-b\/\" target=\"_blank\" rel=\"noopener\">Baca Selengkapnya<\/a><\/p>","protected":false},"excerpt":{"rendered":"<p>Dalam pengobatan nyeri akibat sengatan matahari, gatal pada kulit, sakit tenggorokan, dan bahkan influenza. Sangat anti-inflamasi.<\/p>","protected":false},"featured_media":463,"comment_status":"open","ping_status":"closed","template":"","meta":[],"product_brand":[],"product_cat":[36],"product_tag":[],"class_list":{"0":"post-462","1":"product","2":"type-product","3":"status-publish","4":"has-post-thumbnail","6":"product_cat-pain","8":"first","9":"instock","10":"shipping-taxable","11":"purchasable","12":"product-type-simple"},"yoast_head":"<!-- This site is optimized with the Yoast SEO plugin v26.9 - https:\/\/yoast.com\/product\/yoast-seo-wordpress\/ -->\n<title>Compound PIN-B - Chinese Traditional Whole Body Anti-inflammatory - Therapure Nutraceuticals<\/title>\n<meta name=\"robots\" content=\"noindex, nofollow\" \/>\n<meta property=\"og:locale\" content=\"id_ID\" \/>\n<meta property=\"og:type\" content=\"article\" \/>\n<meta property=\"og:title\" content=\"Compound PIN-B - Chinese Traditional Whole Body Anti-inflammatory - Therapure Nutraceuticals\" \/>\n<meta property=\"og:description\" content=\"In treatment of sunburn pain, itchy skin, sore throat, and even influenza. Highly anti-inflammatory.\" \/>\n<meta property=\"og:url\" content=\"https:\/\/therapure-nutraceuticals.com\/id\/produk\/compound-pin-b\/\" \/>\n<meta property=\"og:site_name\" content=\"Therapure Nutraceuticals\" \/>\n<meta property=\"article:modified_time\" content=\"2025-08-01T05:22:17+00:00\" \/>\n<meta property=\"og:image\" content=\"https:\/\/therapure-nutraceuticals.com\/wp-content\/uploads\/2025\/08\/PIN-B.jpg\" \/>\n\t<meta property=\"og:image:width\" content=\"1033\" \/>\n\t<meta property=\"og:image:height\" content=\"985\" \/>\n\t<meta property=\"og:image:type\" content=\"image\/jpeg\" \/>\n<meta name=\"twitter:card\" content=\"summary_large_image\" \/>\n<meta name=\"twitter:label1\" content=\"Estimasi waktu membaca\" \/>\n\t<meta name=\"twitter:data1\" content=\"1 menit\" \/>\n<script type=\"application\/ld+json\" class=\"yoast-schema-graph\">{\"@context\":\"https:\/\/schema.org\",\"@graph\":[{\"@type\":\"WebPage\",\"@id\":\"https:\/\/therapure-nutraceuticals.com\/product\/compound-pin-b\/\",\"url\":\"https:\/\/therapure-nutraceuticals.com\/product\/compound-pin-b\/\",\"name\":\"Compound PIN-B - Chinese Traditional Whole Body Anti-inflammatory - Therapure Nutraceuticals\",\"isPartOf\":{\"@id\":\"https:\/\/therapure-nutraceuticals.com\/#website\"},\"primaryImageOfPage\":{\"@id\":\"https:\/\/therapure-nutraceuticals.com\/product\/compound-pin-b\/#primaryimage\"},\"image\":{\"@id\":\"https:\/\/therapure-nutraceuticals.com\/product\/compound-pin-b\/#primaryimage\"},\"thumbnailUrl\":\"https:\/\/therapure-nutraceuticals.com\/wp-content\/uploads\/2025\/08\/PIN-B.jpg\",\"datePublished\":\"2025-08-01T05:22:16+00:00\",\"dateModified\":\"2025-08-01T05:22:17+00:00\",\"breadcrumb\":{\"@id\":\"https:\/\/therapure-nutraceuticals.com\/product\/compound-pin-b\/#breadcrumb\"},\"inLanguage\":\"id\",\"potentialAction\":[{\"@type\":\"ReadAction\",\"target\":[\"https:\/\/therapure-nutraceuticals.com\/product\/compound-pin-b\/\"]}]},{\"@type\":\"ImageObject\",\"inLanguage\":\"id\",\"@id\":\"https:\/\/therapure-nutraceuticals.com\/product\/compound-pin-b\/#primaryimage\",\"url\":\"https:\/\/therapure-nutraceuticals.com\/wp-content\/uploads\/2025\/08\/PIN-B.jpg\",\"contentUrl\":\"https:\/\/therapure-nutraceuticals.com\/wp-content\/uploads\/2025\/08\/PIN-B.jpg\",\"width\":1033,\"height\":985},{\"@type\":\"BreadcrumbList\",\"@id\":\"https:\/\/therapure-nutraceuticals.com\/product\/compound-pin-b\/#breadcrumb\",\"itemListElement\":[{\"@type\":\"ListItem\",\"position\":1,\"name\":\"Home\",\"item\":\"https:\/\/therapure-nutraceuticals.com\/\"},{\"@type\":\"ListItem\",\"position\":2,\"name\":\"Shop\",\"item\":\"https:\/\/therapure-nutraceuticals.com\/shop\/\"},{\"@type\":\"ListItem\",\"position\":3,\"name\":\"Compound PIN-B &#8211; Chinese Traditional Whole Body Anti-inflammatory\"}]},{\"@type\":\"WebSite\",\"@id\":\"https:\/\/therapure-nutraceuticals.com\/#website\",\"url\":\"https:\/\/therapure-nutraceuticals.com\/\",\"name\":\"Therapure Nutraceuticals\",\"description\":\"\",\"publisher\":{\"@id\":\"https:\/\/therapure-nutraceuticals.com\/#organization\"},\"potentialAction\":[{\"@type\":\"SearchAction\",\"target\":{\"@type\":\"EntryPoint\",\"urlTemplate\":\"https:\/\/therapure-nutraceuticals.com\/?s={search_term_string}\"},\"query-input\":{\"@type\":\"PropertyValueSpecification\",\"valueRequired\":true,\"valueName\":\"search_term_string\"}}],\"inLanguage\":\"id\"},{\"@type\":\"Organization\",\"@id\":\"https:\/\/therapure-nutraceuticals.com\/#organization\",\"name\":\"Therapure Nutraceuticals\",\"url\":\"https:\/\/therapure-nutraceuticals.com\/\",\"logo\":{\"@type\":\"ImageObject\",\"inLanguage\":\"id\",\"@id\":\"https:\/\/therapure-nutraceuticals.com\/#\/schema\/logo\/image\/\",\"url\":\"https:\/\/therapure-nutraceuticals.com\/wp-content\/uploads\/2025\/05\/Therapure-scaled-e1753065878520.png\",\"contentUrl\":\"https:\/\/therapure-nutraceuticals.com\/wp-content\/uploads\/2025\/05\/Therapure-scaled-e1753065878520.png\",\"width\":500,\"height\":155,\"caption\":\"Therapure Nutraceuticals\"},\"image\":{\"@id\":\"https:\/\/therapure-nutraceuticals.com\/#\/schema\/logo\/image\/\"}}]}<\/script>\n<!-- \/ Yoast SEO plugin. -->","yoast_head_json":{"title":"Compound PIN-B - Chinese Traditional Whole Body Anti-inflammatory - Therapure Nutraceuticals","robots":{"index":"noindex","follow":"nofollow"},"og_locale":"id_ID","og_type":"article","og_title":"Compound PIN-B - Chinese Traditional Whole Body Anti-inflammatory - Therapure Nutraceuticals","og_description":"In treatment of sunburn pain, itchy skin, sore throat, and even influenza. Highly anti-inflammatory.","og_url":"https:\/\/therapure-nutraceuticals.com\/id\/produk\/compound-pin-b\/","og_site_name":"Therapure Nutraceuticals","article_modified_time":"2025-08-01T05:22:17+00:00","og_image":[{"width":1033,"height":985,"url":"https:\/\/therapure-nutraceuticals.com\/wp-content\/uploads\/2025\/08\/PIN-B.jpg","type":"image\/jpeg"}],"twitter_card":"summary_large_image","twitter_misc":{"Estimasi waktu membaca":"1 menit"},"schema":{"@context":"https:\/\/schema.org","@graph":[{"@type":"WebPage","@id":"https:\/\/therapure-nutraceuticals.com\/product\/compound-pin-b\/","url":"https:\/\/therapure-nutraceuticals.com\/product\/compound-pin-b\/","name":"Compound PIN-B - Chinese Traditional Whole Body Anti-inflammatory - Therapure Nutraceuticals","isPartOf":{"@id":"https:\/\/therapure-nutraceuticals.com\/#website"},"primaryImageOfPage":{"@id":"https:\/\/therapure-nutraceuticals.com\/product\/compound-pin-b\/#primaryimage"},"image":{"@id":"https:\/\/therapure-nutraceuticals.com\/product\/compound-pin-b\/#primaryimage"},"thumbnailUrl":"https:\/\/therapure-nutraceuticals.com\/wp-content\/uploads\/2025\/08\/PIN-B.jpg","datePublished":"2025-08-01T05:22:16+00:00","dateModified":"2025-08-01T05:22:17+00:00","breadcrumb":{"@id":"https:\/\/therapure-nutraceuticals.com\/product\/compound-pin-b\/#breadcrumb"},"inLanguage":"id","potentialAction":[{"@type":"ReadAction","target":["https:\/\/therapure-nutraceuticals.com\/product\/compound-pin-b\/"]}]},{"@type":"ImageObject","inLanguage":"id","@id":"https:\/\/therapure-nutraceuticals.com\/product\/compound-pin-b\/#primaryimage","url":"https:\/\/therapure-nutraceuticals.com\/wp-content\/uploads\/2025\/08\/PIN-B.jpg","contentUrl":"https:\/\/therapure-nutraceuticals.com\/wp-content\/uploads\/2025\/08\/PIN-B.jpg","width":1033,"height":985},{"@type":"BreadcrumbList","@id":"https:\/\/therapure-nutraceuticals.com\/product\/compound-pin-b\/#breadcrumb","itemListElement":[{"@type":"ListItem","position":1,"name":"Home","item":"https:\/\/therapure-nutraceuticals.com\/"},{"@type":"ListItem","position":2,"name":"Shop","item":"https:\/\/therapure-nutraceuticals.com\/shop\/"},{"@type":"ListItem","position":3,"name":"Compound PIN-B &#8211; Chinese Traditional Whole Body Anti-inflammatory"}]},{"@type":"WebSite","@id":"https:\/\/therapure-nutraceuticals.com\/#website","url":"https:\/\/therapure-nutraceuticals.com\/","name":"Therapure Nutraceuticals","description":"","publisher":{"@id":"https:\/\/therapure-nutraceuticals.com\/#organization"},"potentialAction":[{"@type":"SearchAction","target":{"@type":"EntryPoint","urlTemplate":"https:\/\/therapure-nutraceuticals.com\/?s={search_term_string}"},"query-input":{"@type":"PropertyValueSpecification","valueRequired":true,"valueName":"search_term_string"}}],"inLanguage":"id"},{"@type":"Organization","@id":"https:\/\/therapure-nutraceuticals.com\/#organization","name":"Therapure Nutraceuticals","url":"https:\/\/therapure-nutraceuticals.com\/","logo":{"@type":"ImageObject","inLanguage":"id","@id":"https:\/\/therapure-nutraceuticals.com\/#\/schema\/logo\/image\/","url":"https:\/\/therapure-nutraceuticals.com\/wp-content\/uploads\/2025\/05\/Therapure-scaled-e1753065878520.png","contentUrl":"https:\/\/therapure-nutraceuticals.com\/wp-content\/uploads\/2025\/05\/Therapure-scaled-e1753065878520.png","width":500,"height":155,"caption":"Therapure Nutraceuticals"},"image":{"@id":"https:\/\/therapure-nutraceuticals.com\/#\/schema\/logo\/image\/"}}]}},"_links":{"self":[{"href":"https:\/\/therapure-nutraceuticals.com\/id\/wp-json\/wp\/v2\/product\/462","targetHints":{"allow":["GET"]}}],"collection":[{"href":"https:\/\/therapure-nutraceuticals.com\/id\/wp-json\/wp\/v2\/product"}],"about":[{"href":"https:\/\/therapure-nutraceuticals.com\/id\/wp-json\/wp\/v2\/types\/product"}],"replies":[{"embeddable":true,"href":"https:\/\/therapure-nutraceuticals.com\/id\/wp-json\/wp\/v2\/comments?post=462"}],"wp:featuredmedia":[{"embeddable":true,"href":"https:\/\/therapure-nutraceuticals.com\/id\/wp-json\/wp\/v2\/media\/463"}],"wp:attachment":[{"href":"https:\/\/therapure-nutraceuticals.com\/id\/wp-json\/wp\/v2\/media?parent=462"}],"wp:term":[{"taxonomy":"product_brand","embeddable":true,"href":"https:\/\/therapure-nutraceuticals.com\/id\/wp-json\/wp\/v2\/product_brand?post=462"},{"taxonomy":"product_cat","embeddable":true,"href":"https:\/\/therapure-nutraceuticals.com\/id\/wp-json\/wp\/v2\/product_cat?post=462"},{"taxonomy":"product_tag","embeddable":true,"href":"https:\/\/therapure-nutraceuticals.com\/id\/wp-json\/wp\/v2\/product_tag?post=462"}],"curies":[{"name":"wp","href":"https:\/\/api.w.org\/{rel}","templated":true}]}}